{"id":8,"date":"2025-10-13T18:18:40","date_gmt":"2025-10-13T18:18:40","guid":{"rendered":"https:\/\/tunningbcn2006.bernat26.es\/?page_id=8"},"modified":"2025-12-02T13:39:30","modified_gmt":"2025-12-02T13:39:30","slug":"home","status":"publish","type":"page","link":"https:\/\/tunningbcn2006.bernat26.es\/","title":{"rendered":"HOME"},"content":{"rendered":"\n<div class=\"wp-block-cover alignfull has-ast-global-color-8-color has-text-color has-link-color wp-elements-89a687256389b652ebc705aa5e2143c3 has-aspect-ratio\" style=\"margin-top:0;margin-bottom:0;aspect-ratio:16\/9;min-height:unset;\"><img decoding=\"async\" class=\"wp-block-cover__image-background\" alt=\"La imagen actual no tiene texto alternativo. El nombre del archivo es: gti-tuning.jpg\" src=\"https:\/\/tunningbcn2006.bernat26.es\/wp-content\/uploads\/2025\/10\/gti-tuning-1024x704.jpg\" style=\"object-position:70% 50%\" data-object-fit=\"cover\" data-object-position=\"70% 50%\"\/><span aria-hidden=\"true\" class=\"wp-block-cover__background has-background-dim\"><\/span><div class=\"wp-block-cover__inner-container is-layout-constrained wp-block-cover-is-layout-constrained\">\n<p class=\"has-text-align-center has-white-color has-text-color has-link-color has-x-large-font-size wp-elements-8d10d61b0966828b5c450b6139b98c1c\">TUNNINGBCN2006<\/p>\n\n\n\n<div class=\"wp-block-uagb-container uagb-block-870ce0f0 alignfull uagb-is-root-container\"><div class=\"uagb-container-inner-blocks-wrap\">\n<div class=\"wp-block-buttons alignfull is-content-justification-center is-layout-flex wp-container-core-buttons-is-layout-a89b3969 wp-block-buttons-is-layout-flex\">\n<div class=\"wp-block-button\"><a class=\"wp-block-button__link has-background has-text-align-center wp-element-button\" href=\"https:\/\/tunningbcn2006.bernat26.es\/?post_type=product\" style=\"background:linear-gradient(135deg,rgb(254,205,165) 0%,rgb(254,45,45) 0%,rgb(107,0,62) 100%)\">CAT\u00c1LOGO<\/a><\/div>\n<\/div>\n<\/div><\/div>\n<\/div><\/div>\n\n\n\n<div class=\"wp-block-cover alignfull\" style=\"min-height:654px;aspect-ratio:unset;\"><img loading=\"lazy\" decoding=\"async\" width=\"612\" height=\"408\" class=\"wp-block-cover__image-background wp-image-37 size-full\" alt=\"\" src=\"https:\/\/tunningbcn2006.bernat26.es\/wp-content\/uploads\/2025\/10\/wallpaper-red-and-black.jpg\" style=\"object-position:55% 32%\" data-object-fit=\"cover\" data-object-position=\"55% 32%\" srcset=\"https:\/\/tunningbcn2006.bernat26.es\/wp-content\/uploads\/2025\/10\/wallpaper-red-and-black.jpg 612w, https:\/\/tunningbcn2006.bernat26.es\/wp-content\/uploads\/2025\/10\/wallpaper-red-and-black-300x200.jpg 300w\" sizes=\"auto, (max-width: 612px) 100vw, 612px\" \/><span aria-hidden=\"true\" class=\"wp-block-cover__background has-background-dim\" style=\"background-color:#500606\"><\/span><div class=\"wp-block-cover__inner-container is-layout-constrained wp-block-cover-is-layout-constrained\">\n<div class=\"wp-block-uagb-container uagb-block-aa9e1c9e alignfull uagb-is-root-container\"><div class=\"uagb-container-inner-blocks-wrap\"><\/div><\/div>\n\n\n\n<p class=\"has-text-align-center has-ast-global-color-4-color has-text-color has-link-color has-large-font-size wp-elements-0dded3d3ac46f32c8e634e6402779878\">QUIENES SOMOS?<\/p>\n\n\n\n<p class=\"has-text-align-center has-ast-global-color-5-color has-text-color has-link-color has-medium-font-size wp-elements-fc069e2a87b66007feaad89389cab407\">En TunningBCN2006 nos especializamos en accesorios de tuning para coches, ofreciendo alerones, tubos de escape y faldones de alta calidad. Todos nuestros productos cuentan con compatibilidad garantizada, para que encajen perfectamente en tu veh\u00edculo.<br>Nuestro objetivo es brindar una experiencia de compra personalizada, adapt\u00e1ndonos a tus necesidades y estilo.<br>Con nosotros, tu coche no solo gana en rendimiento, sino tambi\u00e9n en dise\u00f1o y personalidad.<\/p>\n\n\n\n<p class=\"has-ast-global-color-5-color has-text-color has-link-color has-medium-font-size wp-elements-e0b45c82ae65fe1d5eaf27d5d5567e3a\"><\/p>\n\n\n\n<figure class=\"wp-block-image aligncenter size-full is-resized\"><img loading=\"lazy\" decoding=\"async\" width=\"364\" height=\"273\" src=\"https:\/\/tunningbcn2006.bernat26.es\/wp-content\/uploads\/2025\/10\/cropped-logo-tuningbcn2006.png\" alt=\"\" class=\"wp-image-14\" style=\"width:268px;height:auto\" srcset=\"https:\/\/tunningbcn2006.bernat26.es\/wp-content\/uploads\/2025\/10\/cropped-logo-tuningbcn2006.png 364w, https:\/\/tunningbcn2006.bernat26.es\/wp-content\/uploads\/2025\/10\/cropped-logo-tuningbcn2006-300x225.png 300w, https:\/\/tunningbcn2006.bernat26.es\/wp-content\/uploads\/2025\/10\/cropped-logo-tuningbcn2006-59x44.png 59w\" sizes=\"auto, (max-width: 364px) 100vw, 364px\" \/><\/figure>\n\n\n\n<div class=\"wp-block-uagb-container uagb-block-6ceafca8 alignfull uagb-is-root-container\"><div class=\"uagb-container-inner-blocks-wrap\"><\/div><\/div>\n\n\n\n<div class=\"wp-block-uagb-container uagb-block-bf1a3cce alignfull uagb-is-root-container\"><div class=\"uagb-container-inner-blocks-wrap\"><\/div><\/div>\n<\/div><\/div>\n\n\n\n<div class=\"wp-block-cover alignfull\"><img loading=\"lazy\" decoding=\"async\" width=\"612\" height=\"408\" class=\"wp-block-cover__image-background wp-image-37 size-full\" alt=\"\" src=\"https:\/\/tunningbcn2006.bernat26.es\/wp-content\/uploads\/2025\/10\/wallpaper-red-and-black.jpg\" style=\"object-position:50% 0%\" data-object-fit=\"cover\" data-object-position=\"50% 0%\" srcset=\"https:\/\/tunningbcn2006.bernat26.es\/wp-content\/uploads\/2025\/10\/wallpaper-red-and-black.jpg 612w, https:\/\/tunningbcn2006.bernat26.es\/wp-content\/uploads\/2025\/10\/wallpaper-red-and-black-300x200.jpg 300w\" sizes=\"auto, (max-width: 612px) 100vw, 612px\" \/><span aria-hidden=\"true\" class=\"wp-block-cover__background has-background-dim\" style=\"background-color:#25ffaf\"><\/span><div class=\"wp-block-cover__inner-container is-layout-constrained wp-block-cover-is-layout-constrained\">\n<p class=\"has-text-align-center has-ast-global-color-5-color has-text-color has-link-color has-large-font-size wp-elements-d299877d22fe0ce2ba3b40741fcfbbfe\">VENTAJAS<\/p>\n\n\n\n<p class=\"has-text-align-center has-ast-global-color-5-color has-text-color has-link-color has-medium-font-size wp-elements-0a153855f4c15d5f053836d5ab2ee79f\">En TunningBCN2006 queremos que tu experiencia sea c\u00f3moda y segura desde el primer momento.<br>Te ofrecemos un asesoramiento online personalizado, para ayudarte a elegir las piezas que mejor se adapten a tu coche.<br>Adem\u00e1s, garantizamos un env\u00edo r\u00e1pido y totalmente seguro, para que recibas tus productos en perfectas condiciones.<br>Nuestro equipo est\u00e1 siempre disponible para resolver tus dudas y ofrecerte el mejor servicio.<br>Tu satisfacci\u00f3n es nuestra m\u00e1xima prioridad.<\/p>\n\n\n\n<p class=\"has-text-align-center has-ast-global-color-5-color has-text-color has-link-color has-medium-font-size wp-elements-d81734040afbe8cd1e7a62b4ee510f5e\"><\/p>\n\n\n\n<div class=\"wp-block-uagb-container uagb-block-d4034453 alignfull uagb-is-root-container\"><div class=\"uagb-container-inner-blocks-wrap\">\n<figure class=\"wp-block-image aligncenter size-large is-resized\"><img loading=\"lazy\" decoding=\"async\" width=\"1024\" height=\"439\" src=\"https:\/\/tunningbcn2006.bernat26.es\/wp-content\/uploads\/2025\/10\/COMPRA-SEGURA-1024x439.png\" alt=\"\" class=\"wp-image-213\" style=\"width:275px;height:auto\" srcset=\"https:\/\/tunningbcn2006.bernat26.es\/wp-content\/uploads\/2025\/10\/COMPRA-SEGURA-1024x439.png 1024w, https:\/\/tunningbcn2006.bernat26.es\/wp-content\/uploads\/2025\/10\/COMPRA-SEGURA-300x129.png 300w, https:\/\/tunningbcn2006.bernat26.es\/wp-content\/uploads\/2025\/10\/COMPRA-SEGURA-768x329.png 768w, https:\/\/tunningbcn2006.bernat26.es\/wp-content\/uploads\/2025\/10\/COMPRA-SEGURA.png 1280w\" sizes=\"auto, (max-width: 1024px) 100vw, 1024px\" \/><\/figure>\n<\/div><\/div>\n\n\n\n<p><\/p>\n\n\n\n<p><\/p>\n\n\n\n<p class=\"has-ast-global-color-5-color has-text-color has-link-color has-medium-font-size wp-elements-e0b45c82ae65fe1d5eaf27d5d5567e3a\"><\/p>\n<\/div><\/div>\n\n\n\n<div class=\"wp-block-cover alignfull\" style=\"min-height:1034px;aspect-ratio:unset;\"><img loading=\"lazy\" decoding=\"async\" width=\"612\" height=\"408\" class=\"wp-block-cover__image-background wp-image-37 size-full\" alt=\"\" src=\"https:\/\/tunningbcn2006.bernat26.es\/wp-content\/uploads\/2025\/10\/wallpaper-red-and-black.jpg\" style=\"object-position:50% 0%\" data-object-fit=\"cover\" data-object-position=\"50% 0%\" srcset=\"https:\/\/tunningbcn2006.bernat26.es\/wp-content\/uploads\/2025\/10\/wallpaper-red-and-black.jpg 612w, https:\/\/tunningbcn2006.bernat26.es\/wp-content\/uploads\/2025\/10\/wallpaper-red-and-black-300x200.jpg 300w\" sizes=\"auto, (max-width: 612px) 100vw, 612px\" \/><span aria-hidden=\"true\" class=\"wp-block-cover__background has-vivid-purple-background-color has-background-dim\"><\/span><div class=\"wp-block-cover__inner-container is-layout-constrained wp-block-cover-is-layout-constrained\">\n<p class=\"has-text-align-center has-white-color has-text-color has-link-color has-large-font-size wp-elements-9cb4a6ea2b2318af69b2889a6cee81f1\">PRODUCTOS DESTACADOS<\/p>\n\n\n\n<p class=\"has-text-align-center has-ast-global-color-5-color has-text-color has-link-color has-medium-font-size wp-elements-12ff900dba1f643a5d9162c849eaf1c1\">En TunningBCN2006 encontrar\u00e1s una gran variedad de productos tuning para personalizar tu coche al m\u00e1ximo.<br>Disponemos de alerones deportivos, como los modelos GT, tipo lip o de carbono, ideales para mejorar la aerodin\u00e1mica.<br>Tambi\u00e9n contamos con faldones laterales y traseros de estilo agresivo y elegante.<br>Nuestra gama de tubos de escape incluye opciones dobles, cromadas o de salida angular, con un sonido m\u00e1s potente.<br>Todo con compatibilidad garantizada y la calidad que tu coche se merece.<\/p>\n\n\n\n<p class=\"has-ast-global-color-5-color has-text-color has-link-color has-medium-font-size wp-elements-e0b45c82ae65fe1d5eaf27d5d5567e3a\"><\/p>\n\n\n\n<div class=\"wp-block-columns is-layout-flex wp-container-core-columns-is-layout-28f84493 wp-block-columns-is-layout-flex\">\n<div class=\"wp-block-column is-layout-flow wp-block-column-is-layout-flow\">\n<div class=\"wp-block-columns is-layout-flex wp-container-core-columns-is-layout-28f84493 wp-block-columns-is-layout-flex\">\n<div class=\"wp-block-column is-layout-flow wp-block-column-is-layout-flow\">\n<div class=\"wp-block-columns is-layout-flex wp-container-core-columns-is-layout-28f84493 wp-block-columns-is-layout-flex\">\n<div class=\"wp-block-column is-layout-flow wp-block-column-is-layout-flow\"><div data-block-name=\"woocommerce\/featured-product\" data-edit-mode=\"false\" data-product-id=\"632\" data-show-desc=\"false\" data-style=\"{&quot;elements&quot;:{&quot;link&quot;:{&quot;color&quot;:{&quot;text&quot;:&quot;var:preset|color|ast-global-color-4&quot;}}}}\" data-text-color=\"ast-global-color-4\" class=\"wc-block-featured-product alignnone has-background-dim has-text-color has-ast-global-color-4-color wp-elements-821f0f5002498c39f869be6909e31902 wp-block-woocommerce-featured-product\" style=\"min-height:500px;\"><div class=\"wc-block-featured-product__wrapper\"><div class=\"background-dim__overlay\" style=\"background-color: #000000\"><\/div><img decoding=\"async\" alt=\"\u00danico Llantas 19 pulgadas mercedes clase A W177\" class=\"wc-block-featured-product__background-image\" src=\"https:\/\/tunningbcn2006.bernat26.es\/wp-content\/uploads\/2025\/12\/llantas1-1024x1024.jpg\" style=\"object-fit: none;object-position: 50% 50%;\" \/><h2 class=\"wc-block-featured-product__title\">\u00danico Llantas 19 pulgadas mercedes clase A W177<\/h2><div class=\"wc-block-featured-product__price\"><span class=\"woocommerce-Price-amount amount\" aria-hidden=\"true\">25,00&nbsp;<span class=\"woocommerce-Price-currencySymbol\">&euro;<\/span><\/span> <span aria-hidden=\"true\">&#8211;<\/span> <span class=\"woocommerce-Price-amount amount\" aria-hidden=\"true\">30,00&nbsp;<span class=\"woocommerce-Price-currencySymbol\">&euro;<\/span><\/span><span class=\"screen-reader-text\">Rango de precios: desde 25,00&nbsp;&euro; hasta 30,00&nbsp;&euro;<\/span><\/div><div class=\"wc-block-featured-product__link\">\n\n<div class=\"wp-block-buttons is-content-justification-center is-layout-flex wp-container-core-buttons-is-layout-a89b3969 wp-block-buttons-is-layout-flex\">\n<div class=\"wp-block-button\"><a class=\"wp-block-button__link wp-element-button\" href=\"https:\/\/tunningbcn2006.bernat26.es\/?product=llantas-19-pulgadas\">Comprar ahora<\/a><\/div>\n<\/div>\n\n<\/div><\/div><\/div><\/div>\n\n\n\n<div class=\"wp-block-column is-layout-flow wp-block-column-is-layout-flow\"><div data-block-name=\"woocommerce\/featured-product\" data-edit-mode=\"false\" data-product-id=\"638\" data-show-desc=\"false\" class=\"wc-block-featured-product alignnone has-background-dim wp-block-woocommerce-featured-product\" style=\"min-height:500px;\"><div class=\"wc-block-featured-product__wrapper\"><div class=\"background-dim__overlay\" style=\"background-color: #000000\"><\/div><img decoding=\"async\" alt=\"Incre\u00edble Difusor trasero Seat Leon MK3\" class=\"wc-block-featured-product__background-image\" src=\"https:\/\/tunningbcn2006.bernat26.es\/wp-content\/uploads\/2025\/12\/difusor-leon.jpg\" style=\"object-fit: none;object-position: 50% 50%;\" \/><h2 class=\"wc-block-featured-product__title\">Incre\u00edble Difusor trasero Seat Leon MK3<\/h2><div class=\"wc-block-featured-product__price\"><span class=\"woocommerce-Price-amount amount\">30,00&nbsp;<span class=\"woocommerce-Price-currencySymbol\">&euro;<\/span><\/span><\/div><div class=\"wc-block-featured-product__link\">\n\n<div class=\"wp-block-buttons is-content-justification-center is-layout-flex wp-container-core-buttons-is-layout-a89b3969 wp-block-buttons-is-layout-flex\">\n<div class=\"wp-block-button\"><a class=\"wp-block-button__link wp-element-button\" href=\"https:\/\/tunningbcn2006.bernat26.es\/?product=difusor-trasero-seat-leon-mk3\">Comprar ahora<\/a><\/div>\n<\/div>\n\n<\/div><\/div><\/div><\/div>\n\n\n\n<div class=\"wp-block-column is-layout-flow wp-block-column-is-layout-flow\"><div data-block-name=\"woocommerce\/featured-product\" data-edit-mode=\"false\" data-min-height=\"null\" data-product-id=\"635\" data-show-desc=\"false\" class=\"wc-block-featured-product alignnone has-background-dim wp-block-woocommerce-featured-product\" style=\"min-height:500px;\"><div class=\"wc-block-featured-product__wrapper\"><div class=\"background-dim__overlay\" style=\"background-color: #000000\"><\/div><img decoding=\"async\" alt=\"Exclusivo Aleron carbono Vorsteiner BMW M4\" class=\"wc-block-featured-product__background-image\" src=\"https:\/\/tunningbcn2006.bernat26.es\/wp-content\/uploads\/2025\/12\/aleron2M4-1024x683.webp\" style=\"object-fit: none;object-position: 50% 50%;\" \/><h2 class=\"wc-block-featured-product__title\">Exclusivo Aleron carbono Vorsteiner BMW M4<\/h2><div class=\"wc-block-featured-product__price\"><span class=\"woocommerce-Price-amount amount\">900,00&nbsp;<span class=\"woocommerce-Price-currencySymbol\">&euro;<\/span><\/span><\/div><div class=\"wc-block-featured-product__link\">\n\n<div class=\"wp-block-buttons is-content-justification-center is-layout-flex wp-container-core-buttons-is-layout-a89b3969 wp-block-buttons-is-layout-flex\">\n<div class=\"wp-block-button\"><a class=\"wp-block-button__link wp-element-button\" href=\"https:\/\/tunningbcn2006.bernat26.es\/?product=aleron-carbono-vorsteiner\">Comprar ahora<\/a><\/div>\n<\/div>\n\n<\/div><\/div><\/div><\/div>\n<\/div>\n<\/div>\n<\/div>\n<\/div>\n<\/div>\n<\/div><\/div>\n","protected":false},"excerpt":{"rendered":"","protected":false},"author":1,"featured_media":0,"parent":0,"menu_order":0,"comment_status":"closed","ping_status":"closed","template":"","meta":{"_uag_custom_page_level_css":"","site-sidebar-layout":"default","site-content-layout":"","ast-site-content-layout":"default","site-content-style":"default","site-sidebar-style":"default","ast-global-header-display":"","ast-banner-title-visibility":"","ast-main-header-display":"","ast-hfb-above-header-display":"","ast-hfb-below-header-display":"","ast-hfb-mobile-header-display":"","site-post-title":"disabled","ast-breadcrumbs-content":"","ast-featured-img":"","footer-sml-layout":"","theme-transparent-header-meta":"","adv-header-id-meta":"","stick-header-meta":"","header-above-stick-meta":"","header-main-stick-meta":"","header-below-stick-meta":"","astra-migrate-meta-layouts":"default","ast-page-background-enabled":"default","ast-page-background-meta":{"desktop":{"background-color":"var(--ast-global-color-5)","background-image":"","background-repeat":"repeat","background-position":"center center","background-size":"auto","background-attachment":"scroll","background-type":"","background-media":"","overlay-type":"","overlay-color":"","overlay-opacity":"","overlay-gradient":""},"tablet":{"background-color":"","background-image":"","background-repeat":"repeat","background-position":"center center","background-size":"auto","background-attachment":"scroll","background-type":"","background-media":"","overlay-type":"","overlay-color":"","overlay-opacity":"","overlay-gradient":""},"mobile":{"background-color":"","background-image":"","background-repeat":"repeat","background-position":"center center","background-size":"auto","background-attachment":"scroll","background-type":"","background-media":"","overlay-type":"","overlay-color":"","overlay-opacity":"","overlay-gradient":""}},"ast-content-background-meta":{"desktop":{"background-color":"var(--ast-global-color-4)","background-image":"","background-repeat":"repeat","background-position":"center center","background-size":"auto","background-attachment":"scroll","background-type":"","background-media":"","overlay-type":"","overlay-color":"","overlay-opacity":"","overlay-gradient":""},"tablet":{"background-color":"var(--ast-global-color-4)","background-image":"","background-repeat":"repeat","background-position":"center center","background-size":"auto","background-attachment":"scroll","background-type":"","background-media":"","overlay-type":"","overlay-color":"","overlay-opacity":"","overlay-gradient":""},"mobile":{"background-color":"var(--ast-global-color-4)","background-image":"","background-repeat":"repeat","background-position":"center center","background-size":"auto","background-attachment":"scroll","background-type":"","background-media":"","overlay-type":"","overlay-color":"","overlay-opacity":"","overlay-gradient":""}},"footnotes":""},"class_list":["post-8","page","type-page","status-publish","hentry"],"uagb_featured_image_src":{"full":false,"thumbnail":false,"medium":false,"medium_large":false,"large":false,"1536x1536":false,"2048x2048":false,"woocommerce_thumbnail":false,"woocommerce_single":false,"woocommerce_gallery_thumbnail":false},"uagb_author_info":{"display_name":"admin","author_link":"https:\/\/tunningbcn2006.bernat26.es\/author\/rogerbonhome"},"uagb_comment_info":0,"uagb_excerpt":null,"_links":{"self":[{"href":"https:\/\/tunningbcn2006.bernat26.es\/index.php?rest_route=\/wp\/v2\/pages\/8","targetHints":{"allow":["GET"]}}],"collection":[{"href":"https:\/\/tunningbcn2006.bernat26.es\/index.php?rest_route=\/wp\/v2\/pages"}],"about":[{"href":"https:\/\/tunningbcn2006.bernat26.es\/index.php?rest_route=\/wp\/v2\/types\/page"}],"author":[{"embeddable":true,"href":"https:\/\/tunningbcn2006.bernat26.es\/index.php?rest_route=\/wp\/v2\/users\/1"}],"replies":[{"embeddable":true,"href":"https:\/\/tunningbcn2006.bernat26.es\/index.php?rest_route=%2Fwp%2Fv2%2Fcomments&post=8"}],"version-history":[{"count":87,"href":"https:\/\/tunningbcn2006.bernat26.es\/index.php?rest_route=\/wp\/v2\/pages\/8\/revisions"}],"predecessor-version":[{"id":715,"href":"https:\/\/tunningbcn2006.bernat26.es\/index.php?rest_route=\/wp\/v2\/pages\/8\/revisions\/715"}],"wp:attachment":[{"href":"https:\/\/tunningbcn2006.bernat26.es\/index.php?rest_route=%2Fwp%2Fv2%2Fmedia&parent=8"}],"curies":[{"name":"wp","href":"https:\/\/api.w.org\/{rel}","templated":true}]}}